{"id":2062,"date":"2021-10-21T14:45:19","date_gmt":"2021-10-21T14:45:19","guid":{"rendered":"http:\/\/tancanhuitzaccionesquehablan.gob.mx\/?page_id=2062"},"modified":"2023-11-17T18:48:15","modified_gmt":"2023-11-17T18:48:15","slug":"marco-normativo","status":"publish","type":"page","link":"http:\/\/tancanhuitzaccionesquehablan.gob.mx\/?page_id=2062","title":{"rendered":""},"content":{"rendered":"\t\t<div data-elementor-type=\"wp-page\" data-elementor-id=\"2062\" class=\"elementor elementor-2062\">\n\t\t\t\t\t\t<section class=\"elementor-section elementor-top-section elementor-element elementor-element-5027eb4 elementor-section-boxed elementor-section-height-default elementor-section-height-default\" data-id=\"5027eb4\" data-element_type=\"section\">\n\t\t\t\t\t\t<div class=\"elementor-container elementor-column-gap-default\">\n\t\t\t\t\t<div class=\"elementor-column elementor-col-100 elementor-top-column elementor-element elementor-element-d1d17a1\" data-id=\"d1d17a1\" data-element_type=\"column\">\n\t\t\t<div class=\"elementor-widget-wrap elementor-element-populated\">\n\t\t\t\t\t\t<div class=\"elementor-element elementor-element-f675b8e elementor-invisible elementor-widget elementor-widget-heading\" data-id=\"f675b8e\" data-element_type=\"widget\" data-settings=\"{&quot;_animation&quot;:&quot;fadeInDown&quot;}\" data-widget_type=\"heading.default\">\n\t\t\t\t<div class=\"elementor-widget-container\">\n\t\t\t\t\t<h2 class=\"elementor-heading-title elementor-size-default\">Marco Normativo<\/h2>\t\t\t\t<\/div>\n\t\t\t\t<\/div>\n\t\t\t\t\t<\/div>\n\t\t<\/div>\n\t\t\t\t\t<\/div>\n\t\t<\/section>\n\t\t\t\t<section class=\"elementor-section elementor-top-section elementor-element elementor-element-6ae2594 elementor-section-boxed elementor-section-height-default elementor-section-height-default\" data-id=\"6ae2594\" data-element_type=\"section\">\n\t\t\t\t\t\t<div class=\"elementor-container elementor-column-gap-default\">\n\t\t\t\t\t<div class=\"elementor-column elementor-col-100 elementor-top-column elementor-element elementor-element-79cd167\" data-id=\"79cd167\" data-element_type=\"column\">\n\t\t\t<div class=\"elementor-widget-wrap elementor-element-populated\">\n\t\t\t\t\t\t<div class=\"elementor-element elementor-element-001bf02 elementor-invisible elementor-widget elementor-widget-image\" data-id=\"001bf02\" data-element_type=\"widget\" data-settings=\"{&quot;_animation&quot;:&quot;fadeInUp&quot;}\" data-widget_type=\"image.default\">\n\t\t\t\t<div class=\"elementor-widget-container\">\n\t\t\t\t\t\t\t\t\t\t\t\t\t\t\t<img decoding=\"async\" width=\"150\" height=\"150\" src=\"http:\/\/tancanhuitzaccionesquehablan.gob.mx\/wp-content\/uploads\/2021\/10\/png-transparent-open-book-renderings-flipbook-opened-books-book-150x150.png\" class=\"attachment-thumbnail size-thumbnail wp-image-2492\" alt=\"\" \/>\t\t\t\t\t\t\t\t\t\t\t\t\t\t\t<\/div>\n\t\t\t\t<\/div>\n\t\t\t\t\t<\/div>\n\t\t<\/div>\n\t\t\t\t\t<\/div>\n\t\t<\/section>\n\t\t\t\t<section class=\"elementor-section elementor-top-section elementor-element elementor-element-1cbb7274 elementor-section-boxed elementor-section-height-default elementor-section-height-default\" data-id=\"1cbb7274\" data-element_type=\"section\" data-settings=\"{&quot;background_background&quot;:&quot;classic&quot;}\">\n\t\t\t\t\t\t<div class=\"elementor-container elementor-column-gap-default\">\n\t\t\t\t\t<div class=\"elementor-column elementor-col-100 elementor-top-column elementor-element elementor-element-3ff1a566\" data-id=\"3ff1a566\" data-element_type=\"column\">\n\t\t\t<div class=\"elementor-widget-wrap elementor-element-populated\">\n\t\t\t\t\t\t<div class=\"elementor-element elementor-element-7c574a9c elementor-widget elementor-widget-text-editor\" data-id=\"7c574a9c\" data-element_type=\"widget\" data-widget_type=\"text-editor.default\">\n\t\t\t\t<div class=\"elementor-widget-container\">\n\t\t\t\t\t\t\t\t\t<p><\/p>\n<ul class=\"wp-block-list\">\n<li><a href=\"http:\/\/tancanhuitzaccionesquehablan.gob.mx\/wp-content\/uploads\/2021\/10\/CONSTITUCION-POLITICA-DE-LOS-ESTADOS-UNIDOS-MEXICANOS.pdf\" target=\"_blank\" rel=\"noopener\">CONSTITUCI\u00d3N POL\u00cdTICA DE LOS ESTADOS UNIDOS MEXICANOS\u00a0<\/a><\/li>\n<li><a href=\"http:\/\/tancanhuitzaccionesquehablan.gob.mx\/wp-content\/uploads\/2021\/10\/Constitucion_Politica_del_Estado_13_de_Agosto_2021.pdf\" target=\"_blank\" rel=\"noopener\">CONSTITUCION_POLITICA_DEL_ESTADO DE SAN LUIS POTOS\u00cd_13_DE_AGOSTO_2021\u00a0<\/a><\/li>\n<li><a style=\"font-style: inherit; font-weight: inherit; background-color: rgba(255, 255, 255, 0.4);\" href=\"http:\/\/tancanhuitzaccionesquehablan.gob.mx\/wp-content\/uploads\/2021\/10\/Ley_de_Presupuesto_y_Responsabilidad_Hacendaria_13_Septiembre_2021.pdf\" target=\"_blank\" rel=\"noopener\" data-darkreader-inline-bgcolor=\"\">LEY DE PRESUPUESTO Y RESPONSABILIDAD HACENDARIA DEL ESTADO Y MUNICIPIO DE SAN LUIS POTOS\u00cd\u00a0<\/a><\/li>\n<li><a href=\"http:\/\/tancanhuitzaccionesquehablan.gob.mx\/wp-content\/uploads\/2021\/10\/Ley_de_Planeacion_del_Estado_y_Municipios_de_San_Luis_Potosi_01_Octubre_2018.pdf\" target=\"_blank\" rel=\"noopener\">LEY DE PLANEACI\u00d3N DEL ESTADO Y MUNICIPIOS DE SAN LUIS POTOS\u00cd\u00a0<\/a><\/li>\n<li><a href=\"http:\/\/tancanhuitzaccionesquehablan.gob.mx\/wp-content\/uploads\/2021\/10\/Ley_de_los_Derechos_Ninas_y_Ninos_y_Adolescentes_13_Septiembre_2021.pdf\" target=\"_blank\" rel=\"noopener\">LEY_DE_LOS_DERECHOS_NINAS_Y_NINOS_Y_ADOLESCENTES_13_SEPTIEMBRE_2021<\/a><\/li>\n<li><a style=\"font-style: inherit; font-weight: inherit; background-color: rgba(255, 255, 255, 0.4);\" href=\"http:\/\/tancanhuitzaccionesquehablan.gob.mx\/wp-content\/uploads\/2021\/10\/Ley_de_la_Comision_Estatal_de_Derechos_Humanos_13_Sept_2021.pdf\" target=\"_blank\" rel=\"noopener\" data-darkreader-inline-bgcolor=\"\">LEY_DE_LA_COMISION_ESTATAL_DE_DERECHOS_HUMANOS_13_SEPT_2021<\/a><\/li>\n<li><a style=\"font-style: inherit; font-weight: inherit; background-color: rgba(255, 255, 255, 0.4);\" href=\"http:\/\/tancanhuitzaccionesquehablan.gob.mx\/wp-content\/uploads\/2021\/10\/Ley_de_Justicia_Indigena_y_Comunitaria_para_el_Estado_11_Oct_2017.pdf\" target=\"_blank\" rel=\"noopener\" data-darkreader-inline-bgcolor=\"\">LEY_DE_JUSTICIA_INDIGENA_Y_COMUNITARIA_PARA_EL_ESTADO_11_OCT_2017<\/a><\/li>\n<li><a style=\"font-style: inherit; font-weight: inherit; background-color: rgba(255, 255, 255, 0.4);\" href=\"http:\/\/tancanhuitzaccionesquehablan.gob.mx\/wp-content\/uploads\/2021\/10\/Ley_de_Hacienda_para_los_Municipios_del_Estado_03_Oct_2019.pdf\" target=\"_blank\" rel=\"noopener\" data-darkreader-inline-bgcolor=\"\">LEY_DE_HACIENDA_PARA_LOS_MUNICIPIOS_DEL_ESTADO_03_OCT_2019<\/a><\/li>\n<li><a href=\"http:\/\/tancanhuitzaccionesquehablan.gob.mx\/wp-content\/uploads\/2021\/10\/Ley_de_Fomento_para_la_Lectura_y_el_Libro_03_Octubre_2019.pdf\" target=\"_blank\" rel=\"noopener\">LEY_DE_FOMENTO_PARA_LA_LECTURA_Y_EL_LIBRO_03_OCTUBRE_2019\u00a0<\/a><\/li>\n<li><a href=\"http:\/\/tancanhuitzaccionesquehablan.gob.mx\/wp-content\/uploads\/2021\/10\/Ley_de_Entrega_Recepcion_de_los_Recursos_Publicos_24_Octubre_2020.pdf\" target=\"_blank\" rel=\"noopener\">LEY_DE_ENTREGA_RECEPCION_DE_LOS_RECURSOS_PUBLICOS_24_OCTUBRE_2020<\/a><\/li>\n<li><a href=\"http:\/\/tancanhuitzaccionesquehablan.gob.mx\/wp-content\/uploads\/2021\/10\/Ley_de_Deuda_Publica_del_Estado_y_Municipios_11_Noviembre_2020.pdf\" target=\"_blank\" rel=\"noopener\">LEY_DE_DEUDA_PUBLICA_DEL_ESTADO_Y_MUNICIPIOS_11_NOVIEMBRE_2020\u00a0<\/a><\/li>\n<li><a href=\"http:\/\/tancanhuitzaccionesquehablan.gob.mx\/wp-content\/uploads\/2021\/10\/Ley_de_Desarrollo_2020_Nov_30.pdf\" target=\"_blank\" rel=\"noopener\">LEY_DE_DESARROLLO_SOCIAL DEL ESTADO Y MUNICIPIOS_2020_NOV_30\u00a0<\/a><\/li>\n<li><a href=\"http:\/\/tancanhuitzaccionesquehablan.gob.mx\/wp-content\/uploads\/2021\/10\/Ley_de_Cultura_para_el_Estado_y_Municipios_de_San_Luis_Potosi_29_Julio_2019.pdf\" target=\"_blank\" rel=\"noopener\">LEY_DE_CULTURA_PARA_EL_ESTADO_Y_MUNICIPIOS_DE_SAN_LUIS_POTOSI_29_JULIO_2019\u00a0<\/a><\/li>\n<li><a href=\"http:\/\/tancanhuitzaccionesquehablan.gob.mx\/wp-content\/uploads\/2021\/10\/Ley_de_Cultura_Fisica_y_Deporte_del_Estado_de_San_Luis_Potosi_13_Septiembre_2021.pdf\" target=\"_blank\" rel=\"noopener\">LEY_DE_CULTURA_FISICA_Y_DEPORTE_DEL_ESTADO_DE_SAN_LUIS_POTOSI_13_SEPTIEMBRE_2021<\/a><\/li>\n<li><a href=\"http:\/\/tancanhuitzaccionesquehablan.gob.mx\/wp-content\/uploads\/2021\/10\/Ley_de_Bienes_del_Estado_y_Municipios_de_San_Luis_Potosi_26_Feb_2021.pdf\" target=\"_blank\" rel=\"noopener\">LEY_DE_BIENES_DEL_ESTADO_Y_MUNICIPIOS_DE_SAN_LUIS_POTOSI_26_FEB_2021<\/a><\/li>\n<li><a href=\"http:\/\/tancanhuitzaccionesquehablan.gob.mx\/wp-content\/uploads\/2021\/10\/Texto_Oficial_-Ley_de_Archivos_para_el_Estado_de_San_Luis_Potosi_19_Jun_2020.pdf\" target=\"_blank\" rel=\"noopener\">LEY_DE_ARCHIVOS_PARA_EL_ESTADO_DE_SAN_LUIS_POTOSI_19_JUN_2020<\/a><\/li>\n<li><a href=\"http:\/\/tancanhuitzaccionesquehablan.gob.mx\/wp-content\/uploads\/2021\/10\/Ley_para_la_Inclusion_24_Jun_2021.pdf\" target=\"_blank\" rel=\"noopener\">LEY_PARA_LA_INCLUSION_24_JUN_2021<\/a><\/li>\n<li><a href=\"http:\/\/tancanhuitzaccionesquehablan.gob.mx\/wp-content\/uploads\/2021\/10\/Ley_para_la_Administracion_de_las_Aportaciones_Transferidas_06_Ago_2019.pdf\" target=\"_blank\" rel=\"noopener\">LEY_PARA_LA_ADMINISTRACION_DE_LAS_APORTACIONES_TRANSFERIDAS_06_AGO_2019\u00a0<\/a><\/li>\n<li><a href=\"http:\/\/tancanhuitzaccionesquehablan.gob.mx\/wp-content\/uploads\/2021\/10\/Ley_Organica_de_la_Administracion_Publica_06_Mar_2021.pdf\" target=\"_blank\" rel=\"noopener\">LEY_ORGANICA_DE_LA_ADMINISTRACION_PUBLICA_06_MAR_2021<\/a><\/li>\n<li><a href=\"http:\/\/tancanhuitzaccionesquehablan.gob.mx\/wp-content\/uploads\/2021\/10\/Ley_del_Sistema_de_Proteccion_Civil_del_Estado_de_san_Luis_Potosi_13_Abr_2021.pdf\" target=\"_blank\" rel=\"noopener\">LEY_DEL_SISTEMA_DE_PROTECCION_CIVIL_DEL_ESTADO_DE_SAN_LUIS_POTOSI_13_ABR_2021<\/a><\/li>\n<li><a href=\"http:\/\/tancanhuitzaccionesquehablan.gob.mx\/wp-content\/uploads\/2021\/10\/ley_de_Turismo_08_May_2021.pdf\" target=\"_blank\" rel=\"noopener\">LEY_DE_TURISMO_08_MAY_2021<\/a><\/li>\n<li><a href=\"http:\/\/tancanhuitzaccionesquehablan.gob.mx\/wp-content\/uploads\/2021\/10\/Ley_de_Responsabilidad_Patrimonial_del_Estado_y_Municipios_27_Dic_2019.pdf\" target=\"_blank\" rel=\"noopener\">LEY_DE_RESPONSABILIDAD_PATRIMONIAL_DEL_ESTADO_Y_MUNICIPIOS_27_DIC_2019<\/a><\/li>\n<li><a href=\"http:\/\/tancanhuitzaccionesquehablan.gob.mx\/wp-content\/uploads\/2021\/10\/Ley_de_Proteccion_de_Datos_Personales_en_Posesion_de_los_Sujetos_05_Jun_2021.pdf\" target=\"_blank\" rel=\"noopener\">LEY_DE_PROTECCION_DE_DATOS_PERSONALES_EN_POSESION_DE_LOS_SUJETOS_05_JUN_2021<\/a><\/li>\n<li><a href=\"http:\/\/tancanhuitzaccionesquehablan.gob.mx\/wp-content\/uploads\/2021\/10\/LEY-GENERAL-DE-CONTABILIDAD-GUBERNAMENTAL.pdf\" target=\"_blank\" rel=\"noopener\">LEY GENERAL DE CONTABILIDAD GUBERNAMENTAL\u00a0<\/a><\/li>\n<li><a style=\"font-style: inherit; font-weight: inherit; background-color: rgba(255, 255, 255, 0.4);\" href=\"http:\/\/tancanhuitzaccionesquehablan.gob.mx\/wp-content\/uploads\/2021\/10\/Ley_Organica_del_Municipio_Libre_del_Estado_13_Septiembre_2021_compressed.pdf\" target=\"_blank\" rel=\"noopener\" data-darkreader-inline-bgcolor=\"\">LEY ORG\u00c1NICA DEL MUNICIPIO LIBRE DEL ESTADO DE SAN LUIS POTOS\u00cd\u00a0<\/a><\/li>\n<li><a style=\"font-style: inherit; font-weight: inherit; background-color: rgba(255, 255, 255, 0.4);\" href=\"http:\/\/tancanhuitzaccionesquehablan.gob.mx\/wp-content\/uploads\/2021\/10\/LEY-DE-TRANSPARENCIA-Y-ACCESO-A-LA-INFORMACION-PUBLICA-DEL-ESTADO-DE-SAN-LUIS-POTOSI_compressed.pdf\" target=\"_blank\" rel=\"noopener\" data-darkreader-inline-bgcolor=\"\">LEY DE TRANSPARENCIA Y ACCESO A LA INFORMACI\u00d3N P\u00daBLICA DEL ESTADO DE SAN LUIS POTOS\u00cd\u00a0<\/a><\/li>\n<li><a style=\"font-style: inherit; font-weight: inherit; background-color: rgba(255, 255, 255, 0.4);\" href=\"http:\/\/tancanhuitzaccionesquehablan.gob.mx\/wp-content\/uploads\/2021\/10\/TANCANHUITZ-PRESUPUESTO-DE-EGRESOS-PARA-EL-EJERCICIO-FISCAL-2021-15-ENE-2021_compressed.pdf\" target=\"_blank\" rel=\"noopener\" data-darkreader-inline-bgcolor=\"\">PRESUPUESTO DE EGRESOS PARA EL EJERCICIO FISCAL 2021 (15-ENE-2021)<\/a><\/li>\n<li style=\"font-size: 15px;\"><a href=\"http:\/\/tancanhuitzaccionesquehablan.gob.mx\/wp-content\/uploads\/2021\/10\/TANCANHUITZ-PRESUPUESTO-DE-EGRESOS-Y-TABULADOR-DE-SUELDOS-Y-SALARIOS-2020-23-ENE-2020_compressed.pdf\" target=\"_blank\" rel=\"noopener\">PRESUPUESTO DE EGRESOS Y TABULADOR DE SUELDOS Y SALARIOS 2020 (23-ENE-2020)<\/a><\/li>\n<li style=\"font-size: 15px;\"><a href=\"http:\/\/tancanhuitzaccionesquehablan.gob.mx\/wp-content\/uploads\/2021\/10\/TANCANHUITZ-REGLAMENTO-PARA-LA-IGUALDAD-ENTRE-MUJERES-Y-HOMBRES-19-NOV-2020_compressed.pdf\" target=\"_blank\" rel=\"noopener\">REGLAMENTO PARA LA IGUALDAD ENTRE MUJERES Y HOMBRES (19-NOV-2020)<\/a><\/li>\n<li><a href=\"http:\/\/tancanhuitzaccionesquehablan.gob.mx\/wp-content\/uploads\/2021\/10\/DECRETO-1025-VALORES-CATASTRALES-2021-TANCANHUITZ-30-DIC-2020_compressed.pdf\" target=\"_blank\" rel=\"noopener\">DECRETO 1025 VALORES CATASTRALES 2021 TANCANHUITZ (30-DIC-2020)\u00a0<\/a><\/li>\n<li><a href=\"http:\/\/tancanhuitzaccionesquehablan.gob.mx\/wp-content\/uploads\/2021\/10\/Decreto-0567.-Valores-suelo-y-construccion-Tancanhuitz-2020-31-DIC-2019_compressed.pdf\" target=\"_blank\" rel=\"noopener\">DECRETO 0567.- VALORES DE SUELO Y CONSTRUCCI\u00d3N 2020 (31-DIC-2019)\u00a0<\/a><\/li>\n<li><a style=\"font-style: inherit; font-weight: inherit; background-color: rgba(255, 255, 255, 0.4);\" href=\"http:\/\/tancanhuitzaccionesquehablan.gob.mx\/wp-content\/uploads\/2021\/10\/TANCANHUITZ-MANUAL-ENTREGA-RECEPCION-DE-RECURSOS-PUBLICOS-CONTRALORIA-INTERNA-01-JUL-2021_compressed.pdf\" target=\"_blank\" rel=\"noopener\" data-darkreader-inline-bgcolor=\"\">MANUAL ENTREGA RECEPCION DE RECURSOS PUBLICOS CONTRALORIA INTERNA (01-JUL-2021)<\/a><\/li>\n<li><a href=\"http:\/\/tancanhuitzaccionesquehablan.gob.mx\/wp-content\/uploads\/2021\/10\/TANCANHUITZ-MANUAL-PROCEDIMIENTOS-CONTRALORIA-INTERNA-01-JUL-2021_compressed.pdf\" target=\"_blank\" rel=\"noopener\">MANUAL PROCEDIMIENTOS CONTRALORIA INTERNA (01-JUL-2021)<\/a><\/li>\n<li><a style=\"font-style: inherit; font-weight: inherit; background-color: rgba(255, 255, 255, 0.4);\" href=\"http:\/\/tancanhuitzaccionesquehablan.gob.mx\/wp-content\/uploads\/2021\/10\/TANCANHUITZ-PROMULGACION-LINEAMIENTOS-DE-CONTROL-INTERNO-16-OCT-2020_compressed.pdf\" target=\"_blank\" rel=\"noopener\" data-darkreader-inline-bgcolor=\"\">PROMULGACION LINEAMIENTOS DE CONTROL INTERNO (16-OCT-2020)<\/a><\/li>\n<li><a href=\"http:\/\/tancanhuitzaccionesquehablan.gob.mx\/wp-content\/uploads\/2021\/10\/TANCANHUITZ-REGLAMENTO-DEL-INSTITUTO-DE-LA-MUJER-19-NOV-2020_compressed.pdf\" target=\"_blank\" rel=\"noopener\">REGLAMENTO DEL INSTITUTO DE LA MUJER (19-NOV-2020)<\/a><\/li>\n<li><a href=\"http:\/\/tancanhuitzaccionesquehablan.gob.mx\/?attachment_id=2179\" target=\"_blank\" rel=\"noopener\">REGLAMENTO INTEGRACI\u00d3N DE ORGANISMOS DE PARTICIPACI\u00d3N CIUDADANA (30-MAR-2019)\u00a0<\/a><\/li>\n<li><a style=\"font-style: inherit; font-weight: inherit; background-color: rgba(255, 255, 255, 0.4);\" href=\"http:\/\/tancanhuitzaccionesquehablan.gob.mx\/wp-content\/uploads\/2021\/10\/TANCANHUITZ-CODIGO-DE-ETICA-Y-CONDUCTA-17-DIC-2019_compressed.pdf\" target=\"_blank\" rel=\"noopener\" data-darkreader-inline-bgcolor=\"\">CODIGO DE ETICA Y CONDUCTA (17-DIC-2019)<\/a><\/li>\n<li><a href=\"http:\/\/tancanhuitzaccionesquehablan.gob.mx\/wp-content\/uploads\/2021\/10\/Reglamento-Desarrollo-Social-Tancanhuitz-07-MAY-2016_compressed.pdf\" target=\"_blank\" rel=\"noopener\">REGLAMENTO DE DESARROLLO SOCIAL (07-MAY-2016)<\/a><\/li>\n<li><a href=\"http:\/\/tancanhuitzaccionesquehablan.gob.mx\/wp-content\/uploads\/2021\/10\/Reglamento-de-Proteccion-Civil-de-Tancanhuitz-26-ABR-2014_compressed.pdf\" target=\"_blank\" rel=\"noopener\">REGLAMENTO DE PROTECCI\u00d3N CIVIL (26-ABR-2014)<\/a><\/li>\n<li><a href=\"http:\/\/tancanhuitzaccionesquehablan.gob.mx\/wp-content\/uploads\/2021\/10\/REGLAMENTO-DE-PANTEONES-DEL-MUNICIPIO-DE-TANCANHUITZ-DE-SANTOS-SLP-08-MAR-1996_compressed.pdf\" target=\"_blank\" rel=\"noopener\">REGLAMENTO DE PANTEONES DEL MUNICIPIO DE TANCANHUITZ DE SANTOS SLP [08-MAR-1996]<\/a><\/li>\n<li><a href=\"http:\/\/tancanhuitzaccionesquehablan.gob.mx\/wp-content\/uploads\/2022\/04\/TANCANHUITZ-REGLAMENTO-INTEGRACION-FUNCIONAMIENTO-ORGANISMOS-MUNICIPALES-PARTICIPACION-CIUDADANA-03-MAR-2022.pdf\"> REGLAMENTO INTEGRACION FUNCIONAMIENTO ORGANISMOS MUNICIPALES PARTICIPACION CIUDADANA (03-MAR-2022)<\/a><\/li>\n<li><a href=\"http:\/\/tancanhuitzaccionesquehablan.gob.mx\/wp-content\/uploads\/2021\/10\/MANUAL-GRAL-DE-ORGANIZACION.pdf\" target=\"_blank\" rel=\"noopener\">MANUAL GENERAL DE ORGANIZACI\u00d3N<\/a><\/li>\n<li><a href=\"http:\/\/tancanhuitzaccionesquehablan.gob.mx\/wp-content\/uploads\/2022\/07\/TANCANHUITZ-MANUAL-GENERAL-DE-ORGANIZACION-30-JUN-2022.pdf\">MANUAL GENERAL DE ORGANIZACI\u00d3N ADMINISTRACI\u00d3N 2021 &#8211; 2024<\/a><\/li>\n<li><a href=\"http:\/\/tancanhuitzaccionesquehablan.gob.mx\/wp-content\/uploads\/2023\/04\/TANCANHUITZ-CODIGO-DE-ETICA-Y-CONDUCTA-17-MAR-2023.pdf\">CODIGO DE ETICA Y CONDUCTA<\/a><\/li>\n<li><a href=\"http:\/\/tancanhuitzaccionesquehablan.gob.mx\/wp-content\/uploads\/2023\/08\/TANCANHUITZ-REGLAMENTO-DE-ECOLOGIA-Y-GESTION-AMBIENTAL-03-AGO-2023.pdf\">REGLAMENTO DE ECOLOGIA Y GESTION AMBIENTAL<\/a><\/li>\n<li><a href=\"http:\/\/tancanhuitzaccionesquehablan.gob.mx\/wp-content\/uploads\/2023\/11\/TANCANHUITZ-REGLAMENTO-INTERNO-08-NOV-2023.pdf\">REGLAMENTO INTERNO\u00a0<\/a><\/li>\n<\/ul>\n<p><\/p>\t\t\t\t\t\t\t\t<\/div>\n\t\t\t\t<\/div>\n\t\t\t\t\t<\/div>\n\t\t<\/div>\n\t\t\t\t\t<\/div>\n\t\t<\/section>\n\t\t\t\t<\/div>\n\t\t","protected":false},"excerpt":{"rendered":"<p>Marco Normativo CONSTITUCI\u00d3N POL\u00cdTICA DE LOS ESTADOS UNIDOS MEXICANOS\u00a0 CONSTITUCION_POLITICA_DEL_ESTADO DE SAN LUIS POTOS\u00cd_13_DE_AGOSTO_2021\u00a0 LEY DE PRESUPUESTO Y RESPONSABILIDAD HACENDARIA DEL ESTADO Y MUNICIPIO DE SAN LUIS POTOS\u00cd\u00a0 LEY DE PLANEACI\u00d3N DEL ESTADO Y MUNICIPIOS DE SAN LUIS POTOS\u00cd\u00a0 LEY_DE_LOS_DERECHOS_NINAS_Y_NINOS_Y_ADOLESCENTES_13_SEPTIEMBRE_2021 LEY_DE_LA_COMISION_ESTATAL_DE_DERECHOS_HUMANOS_13_SEPT_2021 LEY_DE_JUSTICIA_INDIGENA_Y_COMUNITARIA_PARA_EL_ESTADO_11_OCT_2017 LEY_DE_HACIENDA_PARA_LOS_MUNICIPIOS_DEL_ESTADO_03_OCT_2019 LEY_DE_FOMENTO_PARA_LA_LECTURA_Y_EL_LIBRO_03_OCTUBRE_2019\u00a0 LEY_DE_ENTREGA_RECEPCION_DE_LOS_RECURSOS_PUBLICOS_24_OCTUBRE_2020 LEY_DE_DEUDA_PUBLICA_DEL_ESTADO_Y_MUNICIPIOS_11_NOVIEMBRE_2020\u00a0 LEY_DE_DESARROLLO_SOCIAL DEL ESTADO Y MUNICIPIOS_2020_NOV_30\u00a0 LEY_DE_CULTURA_PARA_EL_ESTADO_Y_MUNICIPIOS_DE_SAN_LUIS_POTOSI_29_JULIO_2019\u00a0 LEY_DE_CULTURA_FISICA_Y_DEPORTE_DEL_ESTADO_DE_SAN_LUIS_POTOSI_13_SEPTIEMBRE_2021 LEY_DE_BIENES_DEL_ESTADO_Y_MUNICIPIOS_DE_SAN_LUIS_POTOSI_26_FEB_2021 LEY_DE_ARCHIVOS_PARA_EL_ESTADO_DE_SAN_LUIS_POTOSI_19_JUN_2020 [&hellip;]<\/p>\n","protected":false},"author":1,"featured_media":0,"parent":0,"menu_order":0,"comment_status":"closed","ping_status":"closed","template":"","meta":{"site-sidebar-layout":"default","site-content-layout":"default","ast-site-content-layout":"default","site-content-style":"default","site-sidebar-style":"default","ast-global-header-display":"","ast-banner-title-visibility":"","ast-main-header-display":"","ast-hfb-above-header-display":"","ast-hfb-below-header-display":"","ast-hfb-mobile-header-display":"","site-post-title":"","ast-breadcrumbs-content":"","ast-featured-img":"","footer-sml-layout":"","ast-disable-related-posts":"","theme-transparent-header-meta":"default","adv-header-id-meta":"","stick-header-meta":"","header-above-stick-meta":"","header-main-stick-meta":"","header-below-stick-meta":"","astra-migrate-meta-layouts":"default","ast-page-background-enabled":"default","ast-page-background-meta":{"desktop":{"background-color":"","background-image":"","background-repeat":"repeat","background-position":"center center","background-size":"auto","background-attachment":"scroll","background-type":"","background-media":"","overlay-type":"","overlay-color":"","overlay-opacity":"","overlay-gradient":""},"tablet":{"background-color":"","background-image":"","background-repeat":"repeat","background-position":"center center","background-size":"auto","background-attachment":"scroll","background-type":"","background-media":"","overlay-type":"","overlay-color":"","overlay-opacity":"","overlay-gradient":""},"mobile":{"background-color":"","background-image":"","background-repeat":"repeat","background-position":"center center","background-size":"auto","background-attachment":"scroll","background-type":"","background-media":"","overlay-type":"","overlay-color":"","overlay-opacity":"","overlay-gradient":""}},"ast-content-background-meta":{"desktop":{"background-color":"var(--ast-global-color-5)","background-image":"","background-repeat":"repeat","background-position":"center center","background-size":"auto","background-attachment":"scroll","background-type":"","background-media":"","overlay-type":"","overlay-color":"","overlay-opacity":"","overlay-gradient":""},"tablet":{"background-color":"var(--ast-global-color-5)","background-image":"","background-repeat":"repeat","background-position":"center center","background-size":"auto","background-attachment":"scroll","background-type":"","background-media":"","overlay-type":"","overlay-color":"","overlay-opacity":"","overlay-gradient":""},"mobile":{"background-color":"var(--ast-global-color-5)","background-image":"","background-repeat":"repeat","background-position":"center center","background-size":"auto","background-attachment":"scroll","background-type":"","background-media":"","overlay-type":"","overlay-color":"","overlay-opacity":"","overlay-gradient":""}},"footnotes":""},"class_list":["post-2062","page","type-page","status-publish","hentry"],"_links":{"self":[{"href":"http:\/\/tancanhuitzaccionesquehablan.gob.mx\/index.php?rest_route=\/wp\/v2\/pages\/2062","targetHints":{"allow":["GET"]}}],"collection":[{"href":"http:\/\/tancanhuitzaccionesquehablan.gob.mx\/index.php?rest_route=\/wp\/v2\/pages"}],"about":[{"href":"http:\/\/tancanhuitzaccionesquehablan.gob.mx\/index.php?rest_route=\/wp\/v2\/types\/page"}],"author":[{"embeddable":true,"href":"http:\/\/tancanhuitzaccionesquehablan.gob.mx\/index.php?rest_route=\/wp\/v2\/users\/1"}],"replies":[{"embeddable":true,"href":"http:\/\/tancanhuitzaccionesquehablan.gob.mx\/index.php?rest_route=%2Fwp%2Fv2%2Fcomments&post=2062"}],"version-history":[{"count":88,"href":"http:\/\/tancanhuitzaccionesquehablan.gob.mx\/index.php?rest_route=\/wp\/v2\/pages\/2062\/revisions"}],"predecessor-version":[{"id":5657,"href":"http:\/\/tancanhuitzaccionesquehablan.gob.mx\/index.php?rest_route=\/wp\/v2\/pages\/2062\/revisions\/5657"}],"wp:attachment":[{"href":"http:\/\/tancanhuitzaccionesquehablan.gob.mx\/index.php?rest_route=%2Fwp%2Fv2%2Fmedia&parent=2062"}],"curies":[{"name":"wp","href":"https:\/\/api.w.org\/{rel}","templated":true}]}}